{"id":268,"date":"2021-03-01T13:57:33","date_gmt":"2021-03-01T12:57:33","guid":{"rendered":"https:\/\/www.okakosansebastian.com\/?page_id=268"},"modified":"2021-07-06T16:37:37","modified_gmt":"2021-07-06T14:37:37","slug":"merci-davoir-reserve-avec-nous","status":"publish","type":"page","link":"https:\/\/www.okakosansebastian.com\/fr\/merci-davoir-reserve-avec-nous\/","title":{"rendered":"Merci d&#8217;avoir r\u00e9serv\u00e9 avec nous"},"content":{"rendered":"\t\t<div data-elementor-type=\"wp-page\" data-elementor-id=\"268\" class=\"elementor elementor-268\" data-elementor-post-type=\"page\">\n\t\t\t\t\t\t<section class=\"elementor-section elementor-top-section elementor-element elementor-element-4a00a5b9 elementor-section-height-min-height elementor-section-full_width elementor-section-height-default elementor-section-items-middle\" data-id=\"4a00a5b9\" data-element_type=\"section\" data-settings=\"{&quot;background_background&quot;:&quot;classic&quot;}\">\n\t\t\t\t\t\t\t<div class=\"elementor-background-overlay\"><\/div>\n\t\t\t\t\t\t\t<div class=\"elementor-container elementor-column-gap-no\">\n\t\t\t\t\t<div class=\"elementor-column elementor-col-50 elementor-top-column elementor-element elementor-element-33071c60 elementor-invisible\" data-id=\"33071c60\" data-element_type=\"column\" data-settings=\"{&quot;background_background&quot;:&quot;classic&quot;,&quot;animation&quot;:&quot;zoomIn&quot;}\">\n\t\t\t<div class=\"elementor-widget-wrap\">\n\t\t\t\t\t\t\t<\/div>\n\t\t<\/div>\n\t\t\t\t<div class=\"elementor-column elementor-col-50 elementor-top-column elementor-element elementor-element-b356836 elementor-invisible\" data-id=\"b356836\" data-element_type=\"column\" data-settings=\"{&quot;background_background&quot;:&quot;classic&quot;,&quot;animation&quot;:&quot;fadeInRight&quot;}\">\n\t\t\t<div class=\"elementor-widget-wrap elementor-element-populated\">\n\t\t\t\t\t\t<div class=\"elementor-element elementor-element-c62876b elementor-widget elementor-widget-image\" data-id=\"c62876b\" data-element_type=\"widget\" data-widget_type=\"image.default\">\n\t\t\t\t<div class=\"elementor-widget-container\">\n\t\t\t\t\t\t\t\t\t\t\t\t\t\t\t<img fetchpriority=\"high\" decoding=\"async\" width=\"800\" height=\"802\" src=\"https:\/\/www.okakosansebastian.com\/fr\/wp-content\/uploads\/sites\/3\/Logo-Okako-blanco1021x1024.png\" class=\"attachment-large size-large wp-image-505\" alt=\"Logo Okako blanco1021x1024\" srcset=\"https:\/\/www.okakosansebastian.com\/fr\/wp-content\/uploads\/sites\/3\/Logo-Okako-blanco1021x1024.png 1021w, https:\/\/www.okakosansebastian.com\/fr\/wp-content\/uploads\/sites\/3\/Logo-Okako-blanco1021x1024-300x300.png 300w, https:\/\/www.okakosansebastian.com\/fr\/wp-content\/uploads\/sites\/3\/Logo-Okako-blanco1021x1024-150x150.png 150w, https:\/\/www.okakosansebastian.com\/fr\/wp-content\/uploads\/sites\/3\/Logo-Okako-blanco1021x1024-768x770.png 768w\" sizes=\"(max-width: 800px) 100vw, 800px\" \/>\t\t\t\t\t\t\t\t\t\t\t\t\t\t\t<\/div>\n\t\t\t\t<\/div>\n\t\t\t\t<div class=\"elementor-element elementor-element-4c4f86e elementor-widget elementor-widget-heading\" data-id=\"4c4f86e\" data-element_type=\"widget\" data-widget_type=\"heading.default\">\n\t\t\t\t<div class=\"elementor-widget-container\">\n\t\t\t\t\t<h2 class=\"elementor-heading-title elementor-size-default\">Merci d'avoir r\u00e9serv\u00e9 avec nous!<\/h2>\t\t\t\t<\/div>\n\t\t\t\t<\/div>\n\t\t\t\t<div class=\"elementor-element elementor-element-e02e1b6 elementor-widget elementor-widget-heading\" data-id=\"e02e1b6\" data-element_type=\"widget\" data-widget_type=\"heading.default\">\n\t\t\t\t<div class=\"elementor-widget-container\">\n\t\t\t\t\t<h2 class=\"elementor-heading-title elementor-size-default\">Nous voulons faire partie de votre voyage...<\/h2>\t\t\t\t<\/div>\n\t\t\t\t<\/div>\n\t\t\t\t<div class=\"elementor-element elementor-element-25fadf1 elementor-widget elementor-widget-text-editor\" data-id=\"25fadf1\" data-element_type=\"widget\" data-widget_type=\"text-editor.default\">\n\t\t\t\t<div class=\"elementor-widget-container\">\n\t\t\t\t\t\t\t\t\t<p>Nous vous informons que votre r\u00e9servation a \u00e9t\u00e9 effectu\u00e9e avec succ\u00e8s. Dans quelques instants, vous recevrez un e-mail pour la confirmation de votre r\u00e9servation respective avec les d\u00e9tails de celle-ci.<\/p>\t\t\t\t\t\t\t\t<\/div>\n\t\t\t\t<\/div>\n\t\t\t\t<div class=\"elementor-element elementor-element-5680cf2 elementor-align-center elementor-widget elementor-widget-button\" data-id=\"5680cf2\" data-element_type=\"widget\" data-widget_type=\"button.default\">\n\t\t\t\t<div class=\"elementor-widget-container\">\n\t\t\t\t\t\t\t\t\t<div class=\"elementor-button-wrapper\">\n\t\t\t\t\t<a class=\"elementor-button elementor-button-link elementor-size-md elementor-animation-shrink\" href=\"https:\/\/www.okakosansebastian.com\/fr\">\n\t\t\t\t\t\t<span class=\"elementor-button-content-wrapper\">\n\t\t\t\t\t\t\t\t\t<span class=\"elementor-button-text\">Retour sur le net<\/span>\n\t\t\t\t\t<\/span>\n\t\t\t\t\t<\/a>\n\t\t\t\t<\/div>\n\t\t\t\t\t\t\t\t<\/div>\n\t\t\t\t<\/div>\n\t\t\t\t\t<\/div>\n\t\t<\/div>\n\t\t\t\t\t<\/div>\n\t\t<\/section>\n\t\t\t\t<\/div>\n\t\t","protected":false},"excerpt":{"rendered":"<p>Merci d&#8217;avoir r\u00e9serv\u00e9 avec nous! Nous voulons faire partie de votre voyage&#8230; Nous vous informons que votre r\u00e9servation a \u00e9t\u00e9 effectu\u00e9e avec succ\u00e8s. Dans quelques instants, vous recevrez un e-mail pour la confirmation de votre r\u00e9servation respective avec les d\u00e9tails de celle-ci. Retour sur le net<\/p>\n","protected":false},"author":1,"featured_media":549,"parent":0,"menu_order":0,"comment_status":"closed","ping_status":"closed","template":"elementor_header_footer","meta":{"_acf_changed":false,"footnotes":""},"class_list":["post-268","page","type-page","status-publish","has-post-thumbnail","hentry"],"acf":[],"aioseo_notices":[],"_links":{"self":[{"href":"https:\/\/www.okakosansebastian.com\/fr\/wp-json\/wp\/v2\/pages\/268","targetHints":{"allow":["GET"]}}],"collection":[{"href":"https:\/\/www.okakosansebastian.com\/fr\/wp-json\/wp\/v2\/pages"}],"about":[{"href":"https:\/\/www.okakosansebastian.com\/fr\/wp-json\/wp\/v2\/types\/page"}],"author":[{"embeddable":true,"href":"https:\/\/www.okakosansebastian.com\/fr\/wp-json\/wp\/v2\/users\/1"}],"replies":[{"embeddable":true,"href":"https:\/\/www.okakosansebastian.com\/fr\/wp-json\/wp\/v2\/comments?post=268"}],"version-history":[{"count":61,"href":"https:\/\/www.okakosansebastian.com\/fr\/wp-json\/wp\/v2\/pages\/268\/revisions"}],"predecessor-version":[{"id":1490,"href":"https:\/\/www.okakosansebastian.com\/fr\/wp-json\/wp\/v2\/pages\/268\/revisions\/1490"}],"wp:featuredmedia":[{"embeddable":true,"href":"https:\/\/www.okakosansebastian.com\/fr\/wp-json\/wp\/v2\/media\/549"}],"wp:attachment":[{"href":"https:\/\/www.okakosansebastian.com\/fr\/wp-json\/wp\/v2\/media?parent=268"}],"curies":[{"name":"wp","href":"https:\/\/api.w.org\/{rel}","templated":true}]}}